{"id":206,"date":"2025-06-18T12:12:01","date_gmt":"2025-06-18T15:12:01","guid":{"rendered":"https:\/\/procutter.com.br\/?page_id=206"},"modified":"2025-06-24T15:19:59","modified_gmt":"2025-06-24T18:19:59","slug":"elementor-206","status":"publish","type":"page","link":"https:\/\/procutter.com.br\/","title":{"rendered":"Inicio"},"content":{"rendered":"\t\t<div data-elementor-type=\"wp-page\" data-elementor-id=\"206\" class=\"elementor elementor-206\">\n\t\t\t\t<div class=\"elementor-element elementor-element-bf5eb40 e-con-full e-flex e-con e-parent\" data-id=\"bf5eb40\" data-element_type=\"container\">\n\t\t\t\t<\/div>\n\t\t<div class=\"elementor-element elementor-element-5b368df e-con-full e-flex e-con e-parent\" data-id=\"5b368df\" data-element_type=\"container\">\n\t\t\t\t<\/div>\n\t\t<div class=\"elementor-element elementor-element-f6cfd3b e-flex e-con-boxed e-con e-parent\" data-id=\"f6cfd3b\" data-element_type=\"container\" id=\"produtos\">\n\t\t\t\t\t<div class=\"e-con-inner\">\n\t\t<div class=\"elementor-element elementor-element-fb7cc3c e-con-full e-flex e-con e-child\" data-id=\"fb7cc3c\" data-element_type=\"container\">\n\t\t\t\t<div class=\"elementor-element elementor-element-7a7d3b4 elementor-widget elementor-widget-text-editor\" data-id=\"7a7d3b4\" data-element_type=\"widget\" data-widget_type=\"text-editor.default\">\n\t\t\t\t<div class=\"elementor-widget-container\">\n\t\t\t\t\t\t\t\t\t<p>Linhas de produtos<\/p><h3><span style=\"color: #115c92;\">Mesas de corte<\/span><\/h3>\t\t\t\t\t\t\t\t<\/div>\n\t\t\t\t<\/div>\n\t\t\t\t<\/div>\n\t\t<div class=\"elementor-element elementor-element-94d3873 e-con-full e-flex e-con e-child\" data-id=\"94d3873\" data-element_type=\"container\">\n\t\t\t\t<div class=\"elementor-element elementor-element-3cfbe32 elementor-widget elementor-widget-text-editor\" data-id=\"3cfbe32\" data-element_type=\"widget\" data-widget_type=\"text-editor.default\">\n\t\t\t\t<div class=\"elementor-widget-container\">\n\t\t\t\t\t\t\t\t\t<p>As mesas de corte Procutter podem ser utilizadas para as mais diversas necessidades de corte da ind\u00fastria, para materiais r\u00edgidos e flex\u00edveis at\u00e9 50mm de espessura.<\/p><p>Muito utilizados nos mercados de comunica\u00e7\u00e3o visual e ind\u00fastria gr\u00e1fica, a mesa de corte Procutter traz agilidade, produtividade, qualidade, melhoria de processos, repetibilidade e efici\u00eancia.<\/p>\t\t\t\t\t\t\t\t<\/div>\n\t\t\t\t<\/div>\n\t\t\t\t<\/div>\n\t\t\t\t\t<\/div>\n\t\t\t\t<\/div>\n\t\t<div class=\"elementor-element elementor-element-8be4675 e-flex e-con-boxed e-con e-parent\" data-id=\"8be4675\" data-element_type=\"container\">\n\t\t\t\t\t<div class=\"e-con-inner\">\n\t\t<div class=\"elementor-element elementor-element-a08aff5 e-con-full e-flex e-con e-child\" data-id=\"a08aff5\" data-element_type=\"container\">\n\t\t\t\t<div class=\"elementor-element elementor-element-0614b76 elementor-widget elementor-widget-image\" data-id=\"0614b76\" data-element_type=\"widget\" data-widget_type=\"image.default\">\n\t\t\t\t<div class=\"elementor-widget-container\">\n\t\t\t\t\t\t\t\t\t\t\t\t\t\t\t<img fetchpriority=\"high\" decoding=\"async\" width=\"300\" height=\"200\" src=\"https:\/\/procutter.com.br\/wp-content\/uploads\/2025\/06\/st-2516-2532.jpg\" class=\"attachment-large size-large wp-image-108\" alt=\"\" \/>\t\t\t\t\t\t\t\t\t\t\t\t\t\t\t<\/div>\n\t\t\t\t<\/div>\n\t\t\t\t<div class=\"elementor-element elementor-element-e82e8c7 elementor-widget elementor-widget-text-editor\" data-id=\"e82e8c7\" data-element_type=\"widget\" data-widget_type=\"text-editor.default\">\n\t\t\t\t<div class=\"elementor-widget-container\">\n\t\t\t\t\t\t\t\t\t<p style=\"text-align: center;\"><strong><span style=\"color: #115c92;\">ST-2516\/2532<\/span><\/strong><\/p><p><i class=\"fa-solid fa-circle-check\"><\/i> \u00c1rea de corte: 1,60m \/ 3,20m x 2,50m<br \/><i class=\"fa-solid fa-circle-check\"><\/i> Velocidade: 1,5m\/s<br \/><i class=\"fa-solid fa-circle-check\"><\/i> Movimenta\u00e7\u00e3o: Cremalheira<br \/><i class=\"fa-solid fa-circle-check\"><\/i> Precis\u00e3o: 0,1mm<br \/><i class=\"fa-solid fa-circle-check\"><\/i> Espessura m\u00e1x.: 50mm<\/p>\t\t\t\t\t\t\t\t<\/div>\n\t\t\t\t<\/div>\n\t\t\t\t<\/div>\n\t\t<div class=\"elementor-element elementor-element-8143b15 e-con-full e-flex e-con e-child\" data-id=\"8143b15\" data-element_type=\"container\">\n\t\t\t\t<div class=\"elementor-element elementor-element-c2ac59c elementor-widget elementor-widget-image\" data-id=\"c2ac59c\" data-element_type=\"widget\" data-widget_type=\"image.default\">\n\t\t\t\t<div class=\"elementor-widget-container\">\n\t\t\t\t\t\t\t\t\t\t\t\t\t\t\t<img decoding=\"async\" width=\"300\" height=\"200\" src=\"https:\/\/procutter.com.br\/wp-content\/uploads\/2025\/06\/bt-2516.jpg\" class=\"attachment-large size-large wp-image-106\" alt=\"\" \/>\t\t\t\t\t\t\t\t\t\t\t\t\t\t\t<\/div>\n\t\t\t\t<\/div>\n\t\t\t\t<div class=\"elementor-element elementor-element-7d41dcf elementor-widget elementor-widget-text-editor\" data-id=\"7d41dcf\" data-element_type=\"widget\" data-widget_type=\"text-editor.default\">\n\t\t\t\t<div class=\"elementor-widget-container\">\n\t\t\t\t\t\t\t\t\t<p style=\"text-align: center;\"><strong><span style=\"color: #115c92;\">BT-2516<\/span><\/strong><\/p><p><i class=\"fa-solid fa-circle-check\"><\/i>\u00a0\u00c1rea de corte: 1,60m x 2,50m<br \/><i class=\"fa-solid fa-circle-check\"><\/i>\u00a0Velocidade: 1,8m\/s<br \/><i class=\"fa-solid fa-circle-check\"><\/i>\u00a0Movimenta\u00e7\u00e3o: Correia<br \/><i class=\"fa-solid fa-circle-check\"><\/i>\u00a0Precis\u00e3o: 0,1mm<br \/><i class=\"fa-solid fa-circle-check\"><\/i> Espessura: m\u00e1x.50mm<\/p>\t\t\t\t\t\t\t\t<\/div>\n\t\t\t\t<\/div>\n\t\t\t\t<\/div>\n\t\t<div class=\"elementor-element elementor-element-4df080d e-con-full e-flex e-con e-child\" data-id=\"4df080d\" data-element_type=\"container\">\n\t\t\t\t<div class=\"elementor-element elementor-element-4f4dd54 elementor-widget elementor-widget-image\" data-id=\"4f4dd54\" data-element_type=\"widget\" data-widget_type=\"image.default\">\n\t\t\t\t<div class=\"elementor-widget-container\">\n\t\t\t\t\t\t\t\t\t\t\t\t\t\t\t<img decoding=\"async\" width=\"300\" height=\"200\" src=\"https:\/\/procutter.com.br\/wp-content\/uploads\/2025\/06\/hs-2516.jpg\" class=\"attachment-large size-large wp-image-107\" alt=\"\" \/>\t\t\t\t\t\t\t\t\t\t\t\t\t\t\t<\/div>\n\t\t\t\t<\/div>\n\t\t\t\t<div class=\"elementor-element elementor-element-ce04603 elementor-widget elementor-widget-text-editor\" data-id=\"ce04603\" data-element_type=\"widget\" data-widget_type=\"text-editor.default\">\n\t\t\t\t<div class=\"elementor-widget-container\">\n\t\t\t\t\t\t\t\t\t<p style=\"text-align: center;\"><strong><span style=\"color: #115c92;\">HS-2516 \/ 2532<\/span><\/strong><\/p><p><i class=\"fa-solid fa-circle-check\"><\/i> \u00c1rea de corte: 1,60m \/ 3,20m x 2,50m<br \/><i class=\"fa-solid fa-circle-check\"><\/i> Velocidade: 2,0m\/s<br \/><i class=\"fa-solid fa-circle-check\"><\/i> Movimenta\u00e7\u00e3o: Magn\u00e9tica<br \/><i class=\"fa-solid fa-circle-check\"><\/i> Precis\u00e3o: 0,05mm<br \/><i class=\"fa-solid fa-circle-check\"><\/i> Espessura m\u00e1x.: 50mm<\/p>\t\t\t\t\t\t\t\t<\/div>\n\t\t\t\t<\/div>\n\t\t\t\t<\/div>\n\t\t\t\t\t<\/div>\n\t\t\t\t<\/div>\n\t\t<div class=\"elementor-element elementor-element-a47db18 e-flex e-con-boxed e-con e-parent\" data-id=\"a47db18\" data-element_type=\"container\" data-settings=\"{&quot;background_background&quot;:&quot;classic&quot;}\">\n\t\t\t\t\t<div class=\"e-con-inner\">\n\t\t\t\t<div class=\"elementor-element elementor-element-e17a574 elementor-align-center elementor-widget elementor-widget-button\" data-id=\"e17a574\" data-element_type=\"widget\" data-widget_type=\"button.default\">\n\t\t\t\t<div class=\"elementor-widget-container\">\n\t\t\t\t\t\t\t\t\t<div class=\"elementor-button-wrapper\">\n\t\t\t\t\t<a class=\"elementor-button elementor-button-link elementor-size-sm\" href=\"https:\/\/procutter.com.br\/wp-content\/uploads\/2025\/06\/procutter.pdf\" target=\"_blank\" rel=\"nofollow\">\n\t\t\t\t\t\t<span class=\"elementor-button-content-wrapper\">\n\t\t\t\t\t\t<span class=\"elementor-button-icon\">\n\t\t\t\t<i aria-hidden=\"true\" class=\"icon icon-download-arrow\"><\/i>\t\t\t<\/span>\n\t\t\t\t\t\t\t\t\t<span class=\"elementor-button-text\">Download Cat\u00e1logo <\/span>\n\t\t\t\t\t<\/span>\n\t\t\t\t\t<\/a>\n\t\t\t\t<\/div>\n\t\t\t\t\t\t\t\t<\/div>\n\t\t\t\t<\/div>\n\t\t\t\t<div class=\"elementor-element elementor-element-ed43116 elementor-widget elementor-widget-text-editor\" data-id=\"ed43116\" data-element_type=\"widget\" data-widget_type=\"text-editor.default\">\n\t\t\t\t<div class=\"elementor-widget-container\">\n\t\t\t\t\t\t\t\t\t<p style=\"text-align: center;\"><span style=\"color: #000000;\">Conhe\u00e7a as principais caracter\u00edsticas dos equipamentos!<\/span><\/p>\t\t\t\t\t\t\t\t<\/div>\n\t\t\t\t<\/div>\n\t\t\t\t\t<\/div>\n\t\t\t\t<\/div>\n\t\t<div class=\"elementor-element elementor-element-00a5f95 e-con-full e-flex e-con e-parent\" data-id=\"00a5f95\" data-element_type=\"container\">\n\t\t<div class=\"elementor-element elementor-element-88ad87b e-con-full e-flex e-con e-child\" data-id=\"88ad87b\" data-element_type=\"container\">\n\t\t\t\t<div class=\"elementor-element elementor-element-03e5254 elementor-hidden-tablet elementor-hidden-mobile elementor-widget elementor-widget-image\" data-id=\"03e5254\" data-element_type=\"widget\" data-widget_type=\"image.default\">\n\t\t\t\t<div class=\"elementor-widget-container\">\n\t\t\t\t\t\t\t\t\t\t\t\t\t\t\t<img decoding=\"async\" src=\"https:\/\/procutter.com.br\/wp-content\/uploads\/elementor\/thumbs\/procutter_img2-r7i38i8qkmeyd4zskasdwpkhkc3khywsgg2dv481zs.jpg\" title=\"procutter_img2\" alt=\"procutter_img2\" loading=\"lazy\" \/>\t\t\t\t\t\t\t\t\t\t\t\t\t\t\t<\/div>\n\t\t\t\t<\/div>\n\t\t\t\t<\/div>\n\t\t<div class=\"elementor-element elementor-element-12d7f39 e-con-full e-flex e-con e-child\" data-id=\"12d7f39\" data-element_type=\"container\" data-settings=\"{&quot;background_background&quot;:&quot;classic&quot;}\">\n\t\t\t\t<div class=\"elementor-element elementor-element-15841c0 elementor-widget elementor-widget-text-editor\" data-id=\"15841c0\" data-element_type=\"widget\" data-widget_type=\"text-editor.default\">\n\t\t\t\t<div class=\"elementor-widget-container\">\n\t\t\t\t\t\t\t\t\t<h5>Aplica\u00e7\u00f5es &amp; Mercados Atendidos<\/h5><p><i class=\"fa-solid fa-check\"><\/i> Comunica\u00e7\u00e3o visual<br \/><i class=\"fa-solid fa-check\"><\/i> Impress\u00e3o digital<br \/><i class=\"fa-solid fa-check\"><\/i> Ind\u00fastria t\u00eaxtil<br \/><i class=\"fa-solid fa-check\"><\/i> Embalagens e r\u00f3tulos<br \/><i class=\"fa-solid fa-check\"><\/i> M\u00f3veis e decora\u00e7\u00e3o<br \/><i class=\"fa-solid fa-check\"><\/i> Automotivo (pel\u00edculas, adesivos)<br \/><i class=\"fa-solid fa-check\"><\/i> Industrias diversas<\/p><h5>Para Quem \u00e9 a Procutter?<\/h5><p><i class=\"fa-solid fa-check\"><\/i> Empresas que querem ganhar produtividade<br \/><i class=\"fa-solid fa-check\"><\/i> Neg\u00f3cios que buscam corte de alta precis\u00e3o<br \/><i class=\"fa-solid fa-check\"><\/i> Ind\u00fastrias que desejam automatizar o corte de materiais<br \/><i class=\"fa-solid fa-check\"><\/i> Empreendedores buscando moderniza\u00e7\u00e3o e expans\u00e3o<\/p>\t\t\t\t\t\t\t\t<\/div>\n\t\t\t\t<\/div>\n\t\t\t\t<\/div>\n\t\t\t\t<\/div>\n\t\t<div class=\"elementor-element elementor-element-a9dd1c0 e-con-full e-flex e-con e-parent\" data-id=\"a9dd1c0\" data-element_type=\"container\" data-settings=\"{&quot;background_background&quot;:&quot;classic&quot;}\">\n\t\t<div class=\"elementor-element elementor-element-81d134c e-flex e-con-boxed e-con e-child\" data-id=\"81d134c\" data-element_type=\"container\">\n\t\t\t\t\t<div class=\"e-con-inner\">\n\t\t\t\t<div class=\"elementor-element elementor-element-4b8c6a5 elementor-widget elementor-widget-text-editor\" data-id=\"4b8c6a5\" data-element_type=\"widget\" data-widget_type=\"text-editor.default\">\n\t\t\t\t<div class=\"elementor-widget-container\">\n\t\t\t\t\t\t\t\t\t<h5>Praticamente toda mat\u00e9ria prima precisa ser cortada em algum momento do processo, n\u00e3o apenas aqueles materiais impressos, mas todos materiais a serem utilizados no processo.<\/h5>\t\t\t\t\t\t\t\t<\/div>\n\t\t\t\t<\/div>\n\t\t\t\t<div class=\"elementor-element elementor-element-e269865 elementor-align-center elementor-widget elementor-widget-button\" data-id=\"e269865\" data-element_type=\"widget\" data-widget_type=\"button.default\">\n\t\t\t\t<div class=\"elementor-widget-container\">\n\t\t\t\t\t\t\t\t\t<div class=\"elementor-button-wrapper\">\n\t\t\t\t\t<a class=\"elementor-button elementor-button-link elementor-size-sm\" href=\"#contato\">\n\t\t\t\t\t\t<span class=\"elementor-button-content-wrapper\">\n\t\t\t\t\t\t\t\t\t<span class=\"elementor-button-text\">Quero conhecer a linha de produtos<\/span>\n\t\t\t\t\t<\/span>\n\t\t\t\t\t<\/a>\n\t\t\t\t<\/div>\n\t\t\t\t\t\t\t\t<\/div>\n\t\t\t\t<\/div>\n\t\t\t\t\t<\/div>\n\t\t\t\t<\/div>\n\t\t\t\t<\/div>\n\t\t<div class=\"elementor-element elementor-element-d945a84 e-flex e-con-boxed e-con e-parent\" data-id=\"d945a84\" data-element_type=\"container\" data-settings=\"{&quot;background_background&quot;:&quot;classic&quot;}\">\n\t\t\t\t\t<div class=\"e-con-inner\">\n\t\t\t\t<div class=\"elementor-element elementor-element-ef5cd8d elementor-widget elementor-widget-image\" data-id=\"ef5cd8d\" data-element_type=\"widget\" data-widget_type=\"image.default\">\n\t\t\t\t<div class=\"elementor-widget-container\">\n\t\t\t\t\t\t\t\t\t\t\t\t\t\t\t<img loading=\"lazy\" decoding=\"async\" width=\"140\" height=\"120\" src=\"https:\/\/procutter.com.br\/wp-content\/uploads\/2025\/06\/cropped-procutter_logo.png\" class=\"attachment-medium size-medium wp-image-21\" alt=\"\" \/>\t\t\t\t\t\t\t\t\t\t\t\t\t\t\t<\/div>\n\t\t\t\t<\/div>\n\t\t\t\t\t<\/div>\n\t\t\t\t<\/div>\n\t\t<div class=\"elementor-element elementor-element-ce76777 e-flex e-con-boxed e-con e-parent\" data-id=\"ce76777\" data-element_type=\"container\" id=\"procutter\" data-settings=\"{&quot;background_background&quot;:&quot;classic&quot;}\">\n\t\t\t\t\t<div class=\"e-con-inner\">\n\t\t<div class=\"elementor-element elementor-element-b4bafd3 e-con-full e-flex e-con e-child\" data-id=\"b4bafd3\" data-element_type=\"container\">\n\t\t\t\t<div class=\"elementor-element elementor-element-c359a1f elementor-widget elementor-widget-text-editor\" data-id=\"c359a1f\" data-element_type=\"widget\" data-widget_type=\"text-editor.default\">\n\t\t\t\t<div class=\"elementor-widget-container\">\n\t\t\t\t\t\t\t\t\t<h5><span style=\"color: #115c92;\">Hist\u00f3ria da marca<\/span><\/h5><p><span style=\"font-size: 1rem;\">A marca Procutter surgiu em 2024 da uni\u00e3o de conhecimento de longa data do Juliano Blanco (respons\u00e1vel t\u00e9cnico), Edil Paes (respons\u00e1vel de vendas), Fabio Crotti (respons\u00e1vel administrativo) e Thiago Vasconcellos (respons\u00e1vel log\u00edstica). <\/span><span style=\"font-size: 1rem;\">A Procutter pertence a TCC Import (informa\u00e7\u00f5es sobre a TCC https:\/\/tccimport.com).<\/span><\/p><h5><span style=\"color: #115c92;\">Experi\u00eancia de mercado<\/span><\/h5><p>Com uma base de mais de 70 equipamentos instalados em todo Brasil, a Procutter conta com conhecimento e expertise nas solu\u00e7\u00f5es das mais variadas necessidades. A <strong>uni\u00e3o de muitos anos da experi\u00eancia t\u00e9cnica<\/strong> do <strong>Juliano Blanco<\/strong>, o conhecimento de produto e de mercado do Edil Paes e a expertise do T<strong>hiago Vasconcellos<\/strong> e <strong>Fabio Crotti<\/strong> na log\u00edstica e gest\u00e3o de neg\u00f3cio faz a <strong>TCC Import<\/strong> ser eficiente de forma desburocratizada.<\/p>\t\t\t\t\t\t\t\t<\/div>\n\t\t\t\t<\/div>\n\t\t\t\t<\/div>\n\t\t<div class=\"elementor-element elementor-element-4c5ec66 e-con-full e-flex e-con e-child\" data-id=\"4c5ec66\" data-element_type=\"container\">\n\t\t\t\t<div class=\"elementor-element elementor-element-efdc4f0 elementor-widget elementor-widget-text-editor\" data-id=\"efdc4f0\" data-element_type=\"widget\" data-widget_type=\"text-editor.default\">\n\t\t\t\t<div class=\"elementor-widget-container\">\n\t\t\t\t\t\t\t\t\t<h5><span style=\"color: #115c92;\">Diferenciais da empresa<\/span><\/h5><p>Nosso neg\u00f3cio vai al\u00e9m de vender maquinas, procuramos sempre entender a real necessidade do cliente e buscar a forma mais eficiente e vi\u00e1vel para sua demanda. Outro grande diferencial atestado por diversos clientes \u00e9 a qualidade, foco e aten\u00e7\u00e3o no p\u00f3s-venda, sempre em busca de atender da melhor forma poss\u00edvel. Suporte t\u00e9cnico \u00e1gil com profissionais experientes e r\u00e1pida resposta.<\/p><p>\u00a0<\/p><h5><span style=\"color: #115c92;\">Compromisso com qualidade e inova\u00e7\u00e3o<\/span><\/h5><p>Sempre em busca das melhores, mais confi\u00e1veis e modernas solu\u00e7\u00f5es do mercado, contamos com fornecedores parceiros n\u00e3o somente na fabrica\u00e7\u00e3o e fornecimento, mas tamb\u00e9m no desenvolvimento de novas solu\u00e7\u00f5es.<\/p>\t\t\t\t\t\t\t\t<\/div>\n\t\t\t\t<\/div>\n\t\t\t\t<\/div>\n\t\t\t\t\t<\/div>\n\t\t\t\t<\/div>\n\t\t<div class=\"elementor-element elementor-element-9511812 e-flex e-con-boxed e-con e-parent\" data-id=\"9511812\" data-element_type=\"container\">\n\t\t\t\t\t<div class=\"e-con-inner\">\n\t\t\t\t<div class=\"elementor-element elementor-element-533e978 elementor-widget elementor-widget-text-editor\" data-id=\"533e978\" data-element_type=\"widget\" id=\"contato\" data-widget_type=\"text-editor.default\">\n\t\t\t\t<div class=\"elementor-widget-container\">\n\t\t\t\t\t\t\t\t\t<h3 style=\"text-align: center;\"><span style=\"color: #115c92;\">Fale conosco!<\/span><\/h3><p style=\"text-align: center;\">Entre em contato conosco para obter maiores informa\u00e7\u00f5es,<br \/>agendar uma demonstra\u00e7\u00e3o ou esclarecer d\u00favidas sobre corte digital ou a Procutter!<\/p><p style=\"text-align: center;\">\n<div class=\"wpcf7 no-js\" id=\"wpcf7-f322-o1\" lang=\"pt-BR\" dir=\"ltr\" data-wpcf7-id=\"322\">\n<div class=\"screen-reader-response\"><p role=\"status\" aria-live=\"polite\" aria-atomic=\"true\"><\/p> <ul><\/ul><\/div>\n<form action=\"\/index.php\/wp-json\/wp\/v2\/pages\/206#wpcf7-f322-o1\" method=\"post\" class=\"wpcf7-form init\" aria-label=\"Formul\u00e1rios de contato\" novalidate=\"novalidate\" data-status=\"init\">\n<fieldset class=\"hidden-fields-container\"><input type=\"hidden\" name=\"_wpcf7\" value=\"322\" \/><input type=\"hidden\" name=\"_wpcf7_version\" value=\"6.1\" \/><input type=\"hidden\" name=\"_wpcf7_locale\" value=\"pt_BR\" \/><input type=\"hidden\" name=\"_wpcf7_unit_tag\" value=\"wpcf7-f322-o1\" \/><input type=\"hidden\" name=\"_wpcf7_container_post\" value=\"0\" \/><input type=\"hidden\" name=\"_wpcf7_posted_data_hash\" value=\"\" \/>\n<\/fieldset>\n<div style=\"width:100%\">\n\t<p>Empresa<br \/>\n<span class=\"wpcf7-form-control-wrap\" data-name=\"empresa\"><input size=\"40\" maxlength=\"400\" class=\"wpcf7-form-control wpcf7-text\" aria-invalid=\"false\" value=\"\" type=\"text\" name=\"empresa\" \/><\/span>\n\t<\/p>\n<\/div>\n<div style=\"width:49%; float:left;\">\n\t<p>Nome:<br \/>\n<span class=\"wpcf7-form-control-wrap\" data-name=\"nome\"><input size=\"40\" maxlength=\"400\" class=\"wpcf7-form-control wpcf7-text\" aria-invalid=\"false\" value=\"\" type=\"text\" name=\"nome\" \/><\/span>\n\t<\/p>\n<\/div>\n<div style=\"width:49%; float:right;\">\n\t<p>Sobrenome<span class=\"wpcf7-form-control-wrap\" data-name=\"sobrenome\"><input size=\"40\" maxlength=\"400\" class=\"wpcf7-form-control wpcf7-text\" aria-invalid=\"false\" value=\"\" type=\"text\" name=\"sobrenome\" \/><\/span>\n\t<\/p>\n<\/div>\n<div style=\"clear:both;>\n\t<div style=\"width:100%\">\n\t\t<p>E-mail:<br \/>\n<span class=\"wpcf7-form-control-wrap\" data-name=\"email\"><input size=\"40\" maxlength=\"400\" class=\"wpcf7-form-control wpcf7-text\" aria-invalid=\"false\" value=\"\" type=\"text\" name=\"email\" \/><\/span>\n\t\t<\/p>\n\t<\/div>\n\t<div style=\"width:49%; float:left;\">\n\t\t<p>Whatsapp<br \/>\n<span class=\"wpcf7-form-control-wrap\" data-name=\"whats\"><input size=\"40\" maxlength=\"400\" class=\"wpcf7-form-control wpcf7-text\" aria-invalid=\"false\" value=\"\" type=\"text\" name=\"whats\" \/><\/span>\n\t\t<\/p>\n\t<\/div>\n\t<div style=\"width:49%; float:right;\">\n\t\t<p>Telefone<br \/>\n<span class=\"wpcf7-form-control-wrap\" data-name=\"tel\"><input size=\"40\" maxlength=\"400\" class=\"wpcf7-form-control wpcf7-text\" aria-invalid=\"false\" value=\"\" type=\"text\" name=\"tel\" \/><\/span>\n\t\t<\/p>\n\t<\/div>\n\t<div style=\"clear:both;>\n\t\t<div style=\"width:100%\">\n\t\t\t<p>Sua mensagem<br \/>\n<span class=\"wpcf7-form-control-wrap\" data-name=\"your-message\"><textarea cols=\"40\" rows=\"10\" maxlength=\"2000\" class=\"wpcf7-form-control wpcf7-textarea\" aria-invalid=\"false\" name=\"your-message\"><\/textarea><\/span>\n\t\t\t<\/p>\n\t\t<\/div>\n\t\t<div style=\"width:100%; margin:auto;\">\n\t\t\t<center>\n\t\t\t\t<p><input class=\"wpcf7-form-control wpcf7-submit has-spinner\" type=\"submit\" value=\"Quero demonstra\u00e7\u00e3o gratuita!\" \/>\n\t\t\t\t<\/p>\n\t\t\t<\/center>\n\t\t<\/div>\n\t<\/div>\n<\/div><div class=\"wpcf7-response-output\" aria-hidden=\"true\"><\/div>\n<\/form>\n<\/div>\n<\/p>\t\t\t\t\t\t\t\t<\/div>\n\t\t\t\t<\/div>\n\t\t\t\t\t<\/div>\n\t\t\t\t<\/div>\n\t\t\t\t<\/div>\n\t\t","protected":false},"excerpt":{"rendered":"<p>Linhas de produtos Mesas de corte As mesas de corte Procutter podem ser utilizadas para as mais diversas necessidades de corte da ind\u00fastria, para materiais r\u00edgidos e flex\u00edveis at\u00e9 50mm de espessura. Muito utilizados nos mercados de comunica\u00e7\u00e3o visual e ind\u00fastria gr\u00e1fica, a mesa de corte Procutter traz agilidade, produtividade, qualidade, melhoria de processos, repetibilidade [&hellip;]<\/p>\n","protected":false},"author":1,"featured_media":0,"parent":0,"menu_order":0,"comment_status":"closed","ping_status":"closed","template":"","meta":{"_joinchat":[],"footnotes":""},"class_list":["post-206","page","type-page","status-publish","hentry"],"_links":{"self":[{"href":"https:\/\/procutter.com.br\/index.php\/wp-json\/wp\/v2\/pages\/206","targetHints":{"allow":["GET"]}}],"collection":[{"href":"https:\/\/procutter.com.br\/index.php\/wp-json\/wp\/v2\/pages"}],"about":[{"href":"https:\/\/procutter.com.br\/index.php\/wp-json\/wp\/v2\/types\/page"}],"author":[{"embeddable":true,"href":"https:\/\/procutter.com.br\/index.php\/wp-json\/wp\/v2\/users\/1"}],"replies":[{"embeddable":true,"href":"https:\/\/procutter.com.br\/index.php\/wp-json\/wp\/v2\/comments?post=206"}],"version-history":[{"count":298,"href":"https:\/\/procutter.com.br\/index.php\/wp-json\/wp\/v2\/pages\/206\/revisions"}],"predecessor-version":[{"id":719,"href":"https:\/\/procutter.com.br\/index.php\/wp-json\/wp\/v2\/pages\/206\/revisions\/719"}],"wp:attachment":[{"href":"https:\/\/procutter.com.br\/index.php\/wp-json\/wp\/v2\/media?parent=206"}],"curies":[{"name":"wp","href":"https:\/\/api.w.org\/{rel}","templated":true}]}}